{"id":178,"date":"2026-04-07T11:19:28","date_gmt":"2026-04-07T11:19:28","guid":{"rendered":"https:\/\/atlanticxperience.com\/ueber\/"},"modified":"2026-04-09T10:32:31","modified_gmt":"2026-04-09T10:32:31","slug":"ueber","status":"publish","type":"page","link":"https:\/\/atlanticxperience.com\/en\/ueber\/","title":{"rendered":"\u00dcber mich"},"content":{"rendered":"<div class=\"wp-block-group alignfull is-style-ext-preset--group--natural-1--section has-background-background-color has-background has-global-padding is-layout-constrained wp-container-core-group-is-layout-843e5a6d wp-block-group-is-layout-constrained\" id=\"ueber\" style=\"margin-top:0;margin-bottom:0;padding-top:var(--wp--preset--spacing--70);padding-bottom:var(--wp--preset--spacing--70)\">\n<h2 class=\"wp-block-heading has-text-align-center ext-animate--on\">Segeln mit Weltmeister Martin Voss<\/h2>\n\n\n\n<p class=\"has-text-align-center ext-animate--on\" style=\"margin-top:1.5rem\">\u00dcber 50 Jahre Erfahrung auf dem Wasser &#8211; pers\u00f6nlich begleitet und mit Leidenschaft f\u00fcr das Meer und den Yacht- und Segelsport.<\/p>\n\n\n\n<figure class=\"wp-block-image alignwide size-full is-style-ext-preset-image-natural-1-image-1--content-any is-style-ext-preset--image--natural-1--image-1--content-any ext-animate--on is-style-ext-preset--image--natural-1--image-1--content-any--2\"><img loading=\"lazy\" decoding=\"async\" width=\"564\" height=\"382\" src=\"https:\/\/atlanticxperience.com\/wp-content\/uploads\/2026\/04\/IMG_9459.jpg\" alt=\"\" class=\"wp-image-411\" srcset=\"https:\/\/atlanticxperience.com\/wp-content\/uploads\/2026\/04\/IMG_9459.jpg 564w, https:\/\/atlanticxperience.com\/wp-content\/uploads\/2026\/04\/IMG_9459-300x203.jpg 300w, https:\/\/atlanticxperience.com\/wp-content\/uploads\/2026\/04\/IMG_9459-18x12.jpg 18w\" sizes=\"auto, (max-width: 564px) 100vw, 564px\" \/><\/figure>\n\n\n\n<div class=\"wp-block-group ext-animate--on has-global-padding is-layout-constrained wp-block-group-is-layout-constrained\">\n<p class=\"ext-animate--on\">Schon fr\u00fch begann seine Leidenschaft f\u00fcr das Segeln, die ihn \u00fcber viele Jahre zu internationalen Regatten und gro\u00dfen Erfolgen f\u00fchrte.<\/p>\n\n\n\n<p class=\"ext-animate--on\">Als Weltmeister im Segeln beim renommierten Rolex Commodores Cup und mehrfacher Deutscher Meister in verschiedenen Bootsklassen, Gewinner Travem\u00fcnde Woche, Gewinner Flensburger Woche etc.,  geh\u00f6rt er zu den erfahrensten Skippern seiner Klasse.<\/p>\n\n\n\n<p class=\"ext-animate--on\">\ud83c\udfc6 Seglerische Erfolge &amp; Erfahrung<\/p>\n\n\n\n<p class=\"ext-animate--on\">Martin Voss blickt auf eine au\u00dfergew\u00f6hnliche Karriere im internationalen Segelsport zur\u00fcck.<\/p>\n\n\n\n<p class=\"ext-animate--on\">Zu seinen wichtigsten Erfolgen z\u00e4hlen unter anderem:<\/p>\n\n\n\n<p class=\"ext-animate--on\">\u2714 Weltmeister im Segeln (Rolex Commodores Cup)<br>\u2714 Gewinner Kaiser-Pokal \u2013 Kieler Woche<br>\u2714 Mehrfache Teilnahme Copa del Rey \u2013 Palma de Mallorca<br>\u2714 Gewinner Kings Cup \u2013 Phuket, Thailand<br>\u2714 Mehrfacher Gewinner Nordseewoche<br>\u2714 Langj\u00e4hrige Erfahrung auf Maxi Yachts im internationalen Regattasport<br>\u2714 Auszeichnung durch die Deutsche Olympische Gesellschaft (Kreuzer-Abteilung)<br>\u2714 Langj\u00e4hrige T\u00e4tigkeit als Segel- und Surflehrer<br>\u2714 CMAS-Tauchschein<\/p>\n\n\n\n<p class=\"ext-animate--on\">Diese langj\u00e4hrige Erfahrung und Leidenschaft f\u00fcr das Meer bringt Martin Voss heute in jede AtlanticXperience ein.<\/p>\n\n\n\n<p class=\"ext-animate--on\">Dabei steht nicht nur das Segeln im Mittelpunkt, sondern das Erlebnis selbst \u2013 pers\u00f6nlich, entspannt und auf h\u00f6chstem Niveau.<\/p>\n\n\n\n<p class=\"ext-animate--on\">Jede Tour wird pers\u00f6nlich begleitet und individuell gestaltet \u2013 entspannt, sicher und mit einem Gesp\u00fcr f\u00fcr besondere Momente auf dem Wasser.<\/p>\n\n\n\n<p class=\"ext-animate--on\"><strong>\u201eDas Meer ist f\u00fcr mich mehr als ein Ort \u2013 es ist eine Leidenschaft, die ich gerne mit meinen G\u00e4sten teile.\u201c<\/strong><\/p>\n<\/div>\n\n\n\n<div class=\"wp-block-buttons ext-animate--on is-content-justification-center is-layout-flex wp-container-core-buttons-is-layout-a89b3969 wp-block-buttons-is-layout-flex\">\n<div class=\"wp-block-button\"><a class=\"wp-block-button__link wp-element-button\" href=\"https:\/\/atlanticxperience.com\/en\/kontakt\/\">Experience anfragen<\/a><\/div>\n<\/div>\n<\/div>","protected":false},"excerpt":{"rendered":"<p>Segeln mit Weltmeister Martin Voss \u00dcber 50 Jahre Erfahrung auf dem Wasser &#8211; pers\u00f6nlich begleitet und mit Leidenschaft f\u00fcr das Meer und den Yacht- und Segelsport. Schon fr\u00fch begann seine Leidenschaft f\u00fcr das Segeln, die ihn \u00fcber viele Jahre zu internationalen Regatten und gro\u00dfen Erfolgen f\u00fchrte. Als Weltmeister im Segeln beim renommierten Rolex Commodores Cup [&hellip;]<\/p>\n","protected":false},"author":1,"featured_media":0,"parent":0,"menu_order":0,"comment_status":"closed","ping_status":"closed","template":"page-with-title","meta":{"_kadence_starter_templates_imported_post":false,"footnotes":""},"class_list":["post-178","page","type-page","status-publish","hentry"],"yoast_head":"<!-- This site is optimized with the Yoast SEO plugin v27.3 - https:\/\/yoast.com\/product\/yoast-seo-wordpress\/ -->\n<title>\u00dcber mich - AtlanticXperience<\/title>\n<meta name=\"description\" content=\"Meet Martin Voss, experienced skipper and ocean expert. Winner of international regattas and your host for exclusive yacht experiences in Lagos\" \/>\n<meta name=\"robots\" content=\"index, follow, max-snippet:-1, max-image-preview:large, max-video-preview:-1\" \/>\n<link rel=\"canonical\" href=\"https:\/\/atlanticxperience.com\/en\/ueber\/\" \/>\n<meta property=\"og:locale\" content=\"en_US\" \/>\n<meta property=\"og:type\" content=\"article\" \/>\n<meta property=\"og:title\" content=\"\u00dcber mich - AtlanticXperience\" \/>\n<meta property=\"og:description\" content=\"Meet Martin Voss, experienced skipper and ocean expert. Winner of international regattas and your host for exclusive yacht experiences in Lagos\" \/>\n<meta property=\"og:url\" content=\"https:\/\/atlanticxperience.com\/en\/ueber\/\" \/>\n<meta property=\"og:site_name\" content=\"AtlanticXperience\" \/>\n<meta property=\"article:modified_time\" content=\"2026-04-09T10:32:31+00:00\" \/>\n<meta property=\"og:image\" content=\"https:\/\/atlanticxperience.com\/wp-content\/uploads\/2026\/04\/IMG_9459.jpg\" \/>\n\t<meta property=\"og:image:width\" content=\"564\" \/>\n\t<meta property=\"og:image:height\" content=\"382\" \/>\n\t<meta property=\"og:image:type\" content=\"image\/jpeg\" \/>\n<meta name=\"twitter:card\" content=\"summary_large_image\" \/>\n<meta name=\"twitter:label1\" content=\"Est. reading time\" \/>\n\t<meta name=\"twitter:data1\" content=\"2 minutes\" \/>\n<script type=\"application\/ld+json\" class=\"yoast-schema-graph\">{\"@context\":\"https:\\\/\\\/schema.org\",\"@graph\":[{\"@type\":\"WebPage\",\"@id\":\"https:\\\/\\\/atlanticxperience.com\\\/ueber\\\/\",\"url\":\"https:\\\/\\\/atlanticxperience.com\\\/ueber\\\/\",\"name\":\"\u00dcber mich - AtlanticXperience\",\"isPartOf\":{\"@id\":\"https:\\\/\\\/atlanticxperienc-5jcvf3tycp.live-website.com\\\/#website\"},\"primaryImageOfPage\":{\"@id\":\"https:\\\/\\\/atlanticxperience.com\\\/ueber\\\/#primaryimage\"},\"image\":{\"@id\":\"https:\\\/\\\/atlanticxperience.com\\\/ueber\\\/#primaryimage\"},\"thumbnailUrl\":\"https:\\\/\\\/atlanticxperience.com\\\/wp-content\\\/uploads\\\/2026\\\/04\\\/IMG_9459.jpg\",\"datePublished\":\"2026-04-07T11:19:28+00:00\",\"dateModified\":\"2026-04-09T10:32:31+00:00\",\"description\":\"Meet Martin Voss, experienced skipper and ocean expert. Winner of international regattas and your host for exclusive yacht experiences in Lagos\",\"breadcrumb\":{\"@id\":\"https:\\\/\\\/atlanticxperience.com\\\/ueber\\\/#breadcrumb\"},\"inLanguage\":\"en-US\",\"potentialAction\":[{\"@type\":\"ReadAction\",\"target\":[\"https:\\\/\\\/atlanticxperience.com\\\/ueber\\\/\"]}]},{\"@type\":\"ImageObject\",\"inLanguage\":\"en-US\",\"@id\":\"https:\\\/\\\/atlanticxperience.com\\\/ueber\\\/#primaryimage\",\"url\":\"https:\\\/\\\/atlanticxperience.com\\\/wp-content\\\/uploads\\\/2026\\\/04\\\/IMG_9459.jpg\",\"contentUrl\":\"https:\\\/\\\/atlanticxperience.com\\\/wp-content\\\/uploads\\\/2026\\\/04\\\/IMG_9459.jpg\"},{\"@type\":\"BreadcrumbList\",\"@id\":\"https:\\\/\\\/atlanticxperience.com\\\/ueber\\\/#breadcrumb\",\"itemListElement\":[{\"@type\":\"ListItem\",\"position\":1,\"name\":\"Start\",\"item\":\"https:\\\/\\\/atlanticxperience.com\\\/\"},{\"@type\":\"ListItem\",\"position\":2,\"name\":\"\u00dcber mich\"}]},{\"@type\":\"WebSite\",\"@id\":\"https:\\\/\\\/atlanticxperienc-5jcvf3tycp.live-website.com\\\/#website\",\"url\":\"https:\\\/\\\/atlanticxperienc-5jcvf3tycp.live-website.com\\\/\",\"name\":\"AtlanticXperience\",\"description\":\"Exclusive Ocean Experiences in Lagos - with World Champion Skipper\",\"publisher\":{\"@id\":\"https:\\\/\\\/atlanticxperienc-5jcvf3tycp.live-website.com\\\/#\\\/schema\\\/person\\\/e87ab97fc69e482ef8a903782368c1c7\"},\"alternateName\":\"Exclusive Ocean Experiences in Lagos - with World Champion Skipper\",\"potentialAction\":[{\"@type\":\"SearchAction\",\"target\":{\"@type\":\"EntryPoint\",\"urlTemplate\":\"https:\\\/\\\/atlanticxperienc-5jcvf3tycp.live-website.com\\\/?s={search_term_string}\"},\"query-input\":{\"@type\":\"PropertyValueSpecification\",\"valueRequired\":true,\"valueName\":\"search_term_string\"}}],\"inLanguage\":\"en-US\"},{\"@type\":[\"Person\",\"Organization\"],\"@id\":\"https:\\\/\\\/atlanticxperienc-5jcvf3tycp.live-website.com\\\/#\\\/schema\\\/person\\\/e87ab97fc69e482ef8a903782368c1c7\",\"name\":\"admin\",\"image\":{\"@type\":\"ImageObject\",\"inLanguage\":\"en-US\",\"@id\":\"https:\\\/\\\/atlanticxperience.com\\\/wp-content\\\/uploads\\\/2026\\\/04\\\/Photoroom_20260408_192421.png\",\"url\":\"https:\\\/\\\/atlanticxperience.com\\\/wp-content\\\/uploads\\\/2026\\\/04\\\/Photoroom_20260408_192421.png\",\"contentUrl\":\"https:\\\/\\\/atlanticxperience.com\\\/wp-content\\\/uploads\\\/2026\\\/04\\\/Photoroom_20260408_192421.png\",\"width\":1536,\"height\":1024,\"caption\":\"admin\"},\"logo\":{\"@id\":\"https:\\\/\\\/atlanticxperience.com\\\/wp-content\\\/uploads\\\/2026\\\/04\\\/Photoroom_20260408_192421.png\"},\"sameAs\":[\"https:\\\/\\\/atlanticxperience.com\"]}]}<\/script>\n<!-- \/ Yoast SEO plugin. -->","yoast_head_json":{"title":"\u00dcber mich - AtlanticXperience","description":"Meet Martin Voss, experienced skipper and ocean expert. Winner of international regattas and your host for exclusive yacht experiences in Lagos","robots":{"index":"index","follow":"follow","max-snippet":"max-snippet:-1","max-image-preview":"max-image-preview:large","max-video-preview":"max-video-preview:-1"},"canonical":"https:\/\/atlanticxperience.com\/en\/ueber\/","og_locale":"en_US","og_type":"article","og_title":"\u00dcber mich - AtlanticXperience","og_description":"Meet Martin Voss, experienced skipper and ocean expert. Winner of international regattas and your host for exclusive yacht experiences in Lagos","og_url":"https:\/\/atlanticxperience.com\/en\/ueber\/","og_site_name":"AtlanticXperience","article_modified_time":"2026-04-09T10:32:31+00:00","og_image":[{"width":564,"height":382,"url":"https:\/\/atlanticxperience.com\/wp-content\/uploads\/2026\/04\/IMG_9459.jpg","type":"image\/jpeg"}],"twitter_card":"summary_large_image","twitter_misc":{"Est. reading time":"2 minutes"},"schema":{"@context":"https:\/\/schema.org","@graph":[{"@type":"WebPage","@id":"https:\/\/atlanticxperience.com\/ueber\/","url":"https:\/\/atlanticxperience.com\/ueber\/","name":"\u00dcber mich - AtlanticXperience","isPartOf":{"@id":"https:\/\/atlanticxperienc-5jcvf3tycp.live-website.com\/#website"},"primaryImageOfPage":{"@id":"https:\/\/atlanticxperience.com\/ueber\/#primaryimage"},"image":{"@id":"https:\/\/atlanticxperience.com\/ueber\/#primaryimage"},"thumbnailUrl":"https:\/\/atlanticxperience.com\/wp-content\/uploads\/2026\/04\/IMG_9459.jpg","datePublished":"2026-04-07T11:19:28+00:00","dateModified":"2026-04-09T10:32:31+00:00","description":"Meet Martin Voss, experienced skipper and ocean expert. Winner of international regattas and your host for exclusive yacht experiences in Lagos","breadcrumb":{"@id":"https:\/\/atlanticxperience.com\/ueber\/#breadcrumb"},"inLanguage":"en-US","potentialAction":[{"@type":"ReadAction","target":["https:\/\/atlanticxperience.com\/ueber\/"]}]},{"@type":"ImageObject","inLanguage":"en-US","@id":"https:\/\/atlanticxperience.com\/ueber\/#primaryimage","url":"https:\/\/atlanticxperience.com\/wp-content\/uploads\/2026\/04\/IMG_9459.jpg","contentUrl":"https:\/\/atlanticxperience.com\/wp-content\/uploads\/2026\/04\/IMG_9459.jpg"},{"@type":"BreadcrumbList","@id":"https:\/\/atlanticxperience.com\/ueber\/#breadcrumb","itemListElement":[{"@type":"ListItem","position":1,"name":"Start","item":"https:\/\/atlanticxperience.com\/"},{"@type":"ListItem","position":2,"name":"\u00dcber mich"}]},{"@type":"WebSite","@id":"https:\/\/atlanticxperienc-5jcvf3tycp.live-website.com\/#website","url":"https:\/\/atlanticxperienc-5jcvf3tycp.live-website.com\/","name":"AtlanticXperience","description":"Exclusive Ocean Experiences in Lagos - with World Champion Skipper","publisher":{"@id":"https:\/\/atlanticxperienc-5jcvf3tycp.live-website.com\/#\/schema\/person\/e87ab97fc69e482ef8a903782368c1c7"},"alternateName":"Exclusive Ocean Experiences in Lagos - with World Champion Skipper","potentialAction":[{"@type":"SearchAction","target":{"@type":"EntryPoint","urlTemplate":"https:\/\/atlanticxperienc-5jcvf3tycp.live-website.com\/?s={search_term_string}"},"query-input":{"@type":"PropertyValueSpecification","valueRequired":true,"valueName":"search_term_string"}}],"inLanguage":"en-US"},{"@type":["Person","Organization"],"@id":"https:\/\/atlanticxperienc-5jcvf3tycp.live-website.com\/#\/schema\/person\/e87ab97fc69e482ef8a903782368c1c7","name":"admin","image":{"@type":"ImageObject","inLanguage":"en-US","@id":"https:\/\/atlanticxperience.com\/wp-content\/uploads\/2026\/04\/Photoroom_20260408_192421.png","url":"https:\/\/atlanticxperience.com\/wp-content\/uploads\/2026\/04\/Photoroom_20260408_192421.png","contentUrl":"https:\/\/atlanticxperience.com\/wp-content\/uploads\/2026\/04\/Photoroom_20260408_192421.png","width":1536,"height":1024,"caption":"admin"},"logo":{"@id":"https:\/\/atlanticxperience.com\/wp-content\/uploads\/2026\/04\/Photoroom_20260408_192421.png"},"sameAs":["https:\/\/atlanticxperience.com"]}]}},"_links":{"self":[{"href":"https:\/\/atlanticxperience.com\/en\/wp-json\/wp\/v2\/pages\/178","targetHints":{"allow":["GET"]}}],"collection":[{"href":"https:\/\/atlanticxperience.com\/en\/wp-json\/wp\/v2\/pages"}],"about":[{"href":"https:\/\/atlanticxperience.com\/en\/wp-json\/wp\/v2\/types\/page"}],"author":[{"embeddable":true,"href":"https:\/\/atlanticxperience.com\/en\/wp-json\/wp\/v2\/users\/1"}],"replies":[{"embeddable":true,"href":"https:\/\/atlanticxperience.com\/en\/wp-json\/wp\/v2\/comments?post=178"}],"version-history":[{"count":13,"href":"https:\/\/atlanticxperience.com\/en\/wp-json\/wp\/v2\/pages\/178\/revisions"}],"predecessor-version":[{"id":505,"href":"https:\/\/atlanticxperience.com\/en\/wp-json\/wp\/v2\/pages\/178\/revisions\/505"}],"wp:attachment":[{"href":"https:\/\/atlanticxperience.com\/en\/wp-json\/wp\/v2\/media?parent=178"}],"curies":[{"name":"wp","href":"https:\/\/api.w.org\/{rel}","templated":true}]}}