{"id":179,"date":"2026-04-07T11:19:28","date_gmt":"2026-04-07T11:19:28","guid":{"rendered":"https:\/\/atlanticxperience.com\/buchung\/"},"modified":"2026-04-09T10:29:48","modified_gmt":"2026-04-09T10:29:48","slug":"buchung","status":"publish","type":"page","link":"https:\/\/atlanticxperience.com\/en\/buchung\/","title":{"rendered":"Buchung"},"content":{"rendered":"<div class=\"wp-block-group alignfull is-style-ext-preset--group--natural-1--section ext-animate--on has-background-background-color has-background has-global-padding is-layout-constrained wp-container-core-group-is-layout-ab56ae29 wp-block-group-is-layout-constrained\" id=\"jetzt-buchen\" style=\"margin-top:0;margin-bottom:0;padding-top:var(--wp--preset--spacing--70);padding-bottom:var(--wp--preset--spacing--70)\">\n<h2 data-wp-context---core-fit-text=\"core\/fit-text::{&quot;fontSize&quot;:&quot;&quot;}\" data-wp-init---core-fit-text=\"core\/fit-text::callbacks.init\" data-wp-interactive data-wp-style--font-size=\"core\/fit-text::context.fontSize\" class=\"wp-block-heading has-text-align-center ext-animate--on has-fit-text\">Buchen Sie Ihre Atlantic Xperience<\/h2>\n\n\n\n<p class=\"has-text-align-center ext-animate--on\" style=\"margin-top:1.5rem\">W\u00e4hlen Sie Ihren Wunschtermin und senden Sie uns Ihre Anfrage &#8211; wir melden uns pers\u00f6nlich bei Ihnen.<\/p>\n\n\n\n<div class=\"wp-block-group alignwide ext-animate--on has-global-padding is-layout-constrained wp-block-group-is-layout-constrained\"><div id=\"sbw_z0hg2i_calendar\"><\/div><script type=\"text\/javascript\">function instantiateSimplyBookWidget() {    new SimplybookWidget({        \"widget_type\": \"iframe\",        \"url\": \"https:\/\/rsp2419604226.simplybook.it\",        \"theme\": \"default\",        \"theme_settings\": {\"timeline_show_end_time\":false,\"timeline_hide_unavailable\":true,\"hide_past_days\":false,\"hide_img_mode\":true,\"show_sidebar\":true,\"timeline_modern_display\":\"as_slots\",\"display_item_mode\":\"block\",\"sb_base_color\":\"#010110\",\"booking_nav_bg_color\":\"#f7f9fe\",\"body_bg_color\":\"#f7f7f7\",\"dark_font_color\":\"#494949\",\"light_font_color\":\"var(--wp--custom--elements--button--color--text)\",\"btn_color_1\":\"#f7f9fe\",\"sb_company_label_color\":\"#f7f9fe\",\"sb_busy\":\"#010110\",\"sb_available\":\"var(--wp--custom--elements--button--color--background)\",\"sb_review_image\":\"\",\"hide_company_label\":false,\"link_color\":\"var(--wp--custom--elements--button--color--background)\"},        \"timeline\": \"modern\",        \"datepicker\": \"top_calendar\",        \"is_rtl\": \"\",        \"app_config\": {            \"clear_session\": \"1\",            \"allow_switch_to_ada\": \"\",            \"predefined\": [],        },        \"container_id\": \"sbw_z0hg2i_calendar\"    });}document.addEventListener(\"DOMContentLoaded\", instantiateSimplyBookWidget);document.addEventListener(\"loadSimplyBookPreviewWidget\", instantiateSimplyBookWidget);<\/script><\/div>\n\n\n\n<p class=\"has-text-align-center ext-animate--on\"><strong>Wir best\u00e4tigen Ihre Anfrage pers\u00f6nlich und gehen gerne auf individuelle W\u00fcnsche ein.<\/strong><\/p>\n<\/div>\n\n\n\n<div class=\"wp-block-buttons ext-animate--on is-content-justification-center is-layout-flex wp-container-core-buttons-is-layout-a89b3969 wp-block-buttons-is-layout-flex\">\n<div class=\"wp-block-button\"><a class=\"wp-block-button__link wp-element-button\" href=\"https:\/\/atlanticxperience.com\/en\/Kontakt\/\">Kontaktformular<\/a><\/div>\n<\/div>\n\n\n\n<p class=\"ext-animate--on\">I<strong>ndividuelle Anfrage:<\/strong><\/p>\n\n\n\n<p class=\"ext-animate--on\">Sie haben besondere W\u00fcnsche oder m\u00f6chten Ihren T\u00f6rn oder Veranstaltung individuell planen?<\/p>\n\n\n\n<p class=\"ext-animate--on\">Senden Sie uns einfach eine Nachricht &#8211; wir melden uns kurzfristig bei Ihnen.<\/p>\n\n\n\n<p class=\"ext-animate--on\">Pers\u00f6nliche Antwort von Weltmeister Martin Voss<\/p>\n\n\n\n<p class=\"has-text-align-center ext-animate--on\"><a href=\"https:\/\/wa.me\/491712233666?text=Hallo%20Martin,%20ich%20interessiere%20mich%20f\u00fcr%20eine%20Atlantic%20Experience\"><strong>Book via WhatsApp +49 171 22 33 666<\/strong><\/a><\/p>\n\n\n\n<p class=\"has-text-align-center ext-animate--on\"><strong><a href=\"mailto:Info@atlanticxperience.com\">Info@atlanticxperience.com<\/a>                <a href=\"mailto:voss@sunset-lagos.com\">voss@sunset-lagos.com<\/a><\/strong><\/p>","protected":false},"excerpt":{"rendered":"<p>Buchen Sie Ihre Atlantic Xperience W\u00e4hlen Sie Ihren Wunschtermin und senden Sie uns Ihre Anfrage &#8211; wir melden uns pers\u00f6nlich bei Ihnen. Wir best\u00e4tigen Ihre Anfrage pers\u00f6nlich und gehen gerne auf individuelle W\u00fcnsche ein. Individuelle Anfrage: Sie haben besondere W\u00fcnsche oder m\u00f6chten Ihren T\u00f6rn oder Veranstaltung individuell planen? Senden Sie uns einfach eine Nachricht &#8211; [&hellip;]<\/p>\n","protected":false},"author":1,"featured_media":0,"parent":0,"menu_order":0,"comment_status":"closed","ping_status":"closed","template":"page-with-title","meta":{"_kadence_starter_templates_imported_post":false,"footnotes":""},"class_list":["post-179","page","type-page","status-publish","hentry"],"yoast_head":"<!-- This site is optimized with the Yoast SEO plugin v27.3 - https:\/\/yoast.com\/product\/yoast-seo-wordpress\/ -->\n<title>Buchung - AtlanticXperience<\/title>\n<meta name=\"description\" content=\"Book your private boat tour in Lagos. Easy WhatsApp booking, flexible times and unforgettable ocean experiences with skipper Martin Voss\" \/>\n<meta name=\"robots\" content=\"index, follow, max-snippet:-1, max-image-preview:large, max-video-preview:-1\" \/>\n<link rel=\"canonical\" href=\"https:\/\/atlanticxperience.com\/en\/buchung\/\" \/>\n<meta property=\"og:locale\" content=\"en_US\" \/>\n<meta property=\"og:type\" content=\"article\" \/>\n<meta property=\"og:title\" content=\"Buchung - AtlanticXperience\" \/>\n<meta property=\"og:description\" content=\"Book your private boat tour in Lagos. Easy WhatsApp booking, flexible times and unforgettable ocean experiences with skipper Martin Voss\" \/>\n<meta property=\"og:url\" content=\"https:\/\/atlanticxperience.com\/en\/buchung\/\" \/>\n<meta property=\"og:site_name\" content=\"AtlanticXperience\" \/>\n<meta property=\"article:modified_time\" content=\"2026-04-09T10:29:48+00:00\" \/>\n<meta property=\"og:image\" content=\"https:\/\/atlanticxperience.com\/wp-content\/uploads\/2026\/04\/Photoroom_20260408_192502.png\" \/>\n\t<meta property=\"og:image:width\" content=\"1080\" \/>\n\t<meta property=\"og:image:height\" content=\"1920\" \/>\n\t<meta property=\"og:image:type\" content=\"image\/png\" \/>\n<meta name=\"twitter:card\" content=\"summary_large_image\" \/>\n<meta name=\"twitter:label1\" content=\"Est. reading time\" \/>\n\t<meta name=\"twitter:data1\" content=\"1 minute\" \/>\n<script type=\"application\/ld+json\" class=\"yoast-schema-graph\">{\"@context\":\"https:\\\/\\\/schema.org\",\"@graph\":[{\"@type\":\"WebPage\",\"@id\":\"https:\\\/\\\/atlanticxperience.com\\\/buchung\\\/\",\"url\":\"https:\\\/\\\/atlanticxperience.com\\\/buchung\\\/\",\"name\":\"Buchung - AtlanticXperience\",\"isPartOf\":{\"@id\":\"https:\\\/\\\/atlanticxperienc-5jcvf3tycp.live-website.com\\\/#website\"},\"datePublished\":\"2026-04-07T11:19:28+00:00\",\"dateModified\":\"2026-04-09T10:29:48+00:00\",\"description\":\"Book your private boat tour in Lagos. Easy WhatsApp booking, flexible times and unforgettable ocean experiences with skipper Martin Voss\",\"breadcrumb\":{\"@id\":\"https:\\\/\\\/atlanticxperience.com\\\/buchung\\\/#breadcrumb\"},\"inLanguage\":\"en-US\",\"potentialAction\":[{\"@type\":\"ReadAction\",\"target\":[\"https:\\\/\\\/atlanticxperience.com\\\/buchung\\\/\"]}]},{\"@type\":\"BreadcrumbList\",\"@id\":\"https:\\\/\\\/atlanticxperience.com\\\/buchung\\\/#breadcrumb\",\"itemListElement\":[{\"@type\":\"ListItem\",\"position\":1,\"name\":\"Start\",\"item\":\"https:\\\/\\\/atlanticxperience.com\\\/\"},{\"@type\":\"ListItem\",\"position\":2,\"name\":\"Buchung\"}]},{\"@type\":\"WebSite\",\"@id\":\"https:\\\/\\\/atlanticxperienc-5jcvf3tycp.live-website.com\\\/#website\",\"url\":\"https:\\\/\\\/atlanticxperienc-5jcvf3tycp.live-website.com\\\/\",\"name\":\"AtlanticXperience\",\"description\":\"Exclusive Ocean Experiences in Lagos - with World Champion Skipper\",\"publisher\":{\"@id\":\"https:\\\/\\\/atlanticxperienc-5jcvf3tycp.live-website.com\\\/#\\\/schema\\\/person\\\/e87ab97fc69e482ef8a903782368c1c7\"},\"alternateName\":\"Exclusive Ocean Experiences in Lagos - with World Champion Skipper\",\"potentialAction\":[{\"@type\":\"SearchAction\",\"target\":{\"@type\":\"EntryPoint\",\"urlTemplate\":\"https:\\\/\\\/atlanticxperienc-5jcvf3tycp.live-website.com\\\/?s={search_term_string}\"},\"query-input\":{\"@type\":\"PropertyValueSpecification\",\"valueRequired\":true,\"valueName\":\"search_term_string\"}}],\"inLanguage\":\"en-US\"},{\"@type\":[\"Person\",\"Organization\"],\"@id\":\"https:\\\/\\\/atlanticxperienc-5jcvf3tycp.live-website.com\\\/#\\\/schema\\\/person\\\/e87ab97fc69e482ef8a903782368c1c7\",\"name\":\"admin\",\"image\":{\"@type\":\"ImageObject\",\"inLanguage\":\"en-US\",\"@id\":\"https:\\\/\\\/atlanticxperience.com\\\/wp-content\\\/uploads\\\/2026\\\/04\\\/Photoroom_20260408_192421.png\",\"url\":\"https:\\\/\\\/atlanticxperience.com\\\/wp-content\\\/uploads\\\/2026\\\/04\\\/Photoroom_20260408_192421.png\",\"contentUrl\":\"https:\\\/\\\/atlanticxperience.com\\\/wp-content\\\/uploads\\\/2026\\\/04\\\/Photoroom_20260408_192421.png\",\"width\":1536,\"height\":1024,\"caption\":\"admin\"},\"logo\":{\"@id\":\"https:\\\/\\\/atlanticxperience.com\\\/wp-content\\\/uploads\\\/2026\\\/04\\\/Photoroom_20260408_192421.png\"},\"sameAs\":[\"https:\\\/\\\/atlanticxperience.com\"]}]}<\/script>\n<!-- \/ Yoast SEO plugin. -->","yoast_head_json":{"title":"Buchung - AtlanticXperience","description":"Book your private boat tour in Lagos. Easy WhatsApp booking, flexible times and unforgettable ocean experiences with skipper Martin Voss","robots":{"index":"index","follow":"follow","max-snippet":"max-snippet:-1","max-image-preview":"max-image-preview:large","max-video-preview":"max-video-preview:-1"},"canonical":"https:\/\/atlanticxperience.com\/en\/buchung\/","og_locale":"en_US","og_type":"article","og_title":"Buchung - AtlanticXperience","og_description":"Book your private boat tour in Lagos. Easy WhatsApp booking, flexible times and unforgettable ocean experiences with skipper Martin Voss","og_url":"https:\/\/atlanticxperience.com\/en\/buchung\/","og_site_name":"AtlanticXperience","article_modified_time":"2026-04-09T10:29:48+00:00","og_image":[{"width":1080,"height":1920,"url":"https:\/\/atlanticxperience.com\/wp-content\/uploads\/2026\/04\/Photoroom_20260408_192502.png","type":"image\/png"}],"twitter_card":"summary_large_image","twitter_misc":{"Est. reading time":"1 minute"},"schema":{"@context":"https:\/\/schema.org","@graph":[{"@type":"WebPage","@id":"https:\/\/atlanticxperience.com\/buchung\/","url":"https:\/\/atlanticxperience.com\/buchung\/","name":"Buchung - AtlanticXperience","isPartOf":{"@id":"https:\/\/atlanticxperienc-5jcvf3tycp.live-website.com\/#website"},"datePublished":"2026-04-07T11:19:28+00:00","dateModified":"2026-04-09T10:29:48+00:00","description":"Book your private boat tour in Lagos. Easy WhatsApp booking, flexible times and unforgettable ocean experiences with skipper Martin Voss","breadcrumb":{"@id":"https:\/\/atlanticxperience.com\/buchung\/#breadcrumb"},"inLanguage":"en-US","potentialAction":[{"@type":"ReadAction","target":["https:\/\/atlanticxperience.com\/buchung\/"]}]},{"@type":"BreadcrumbList","@id":"https:\/\/atlanticxperience.com\/buchung\/#breadcrumb","itemListElement":[{"@type":"ListItem","position":1,"name":"Start","item":"https:\/\/atlanticxperience.com\/"},{"@type":"ListItem","position":2,"name":"Buchung"}]},{"@type":"WebSite","@id":"https:\/\/atlanticxperienc-5jcvf3tycp.live-website.com\/#website","url":"https:\/\/atlanticxperienc-5jcvf3tycp.live-website.com\/","name":"AtlanticXperience","description":"Exclusive Ocean Experiences in Lagos - with World Champion Skipper","publisher":{"@id":"https:\/\/atlanticxperienc-5jcvf3tycp.live-website.com\/#\/schema\/person\/e87ab97fc69e482ef8a903782368c1c7"},"alternateName":"Exclusive Ocean Experiences in Lagos - with World Champion Skipper","potentialAction":[{"@type":"SearchAction","target":{"@type":"EntryPoint","urlTemplate":"https:\/\/atlanticxperienc-5jcvf3tycp.live-website.com\/?s={search_term_string}"},"query-input":{"@type":"PropertyValueSpecification","valueRequired":true,"valueName":"search_term_string"}}],"inLanguage":"en-US"},{"@type":["Person","Organization"],"@id":"https:\/\/atlanticxperienc-5jcvf3tycp.live-website.com\/#\/schema\/person\/e87ab97fc69e482ef8a903782368c1c7","name":"admin","image":{"@type":"ImageObject","inLanguage":"en-US","@id":"https:\/\/atlanticxperience.com\/wp-content\/uploads\/2026\/04\/Photoroom_20260408_192421.png","url":"https:\/\/atlanticxperience.com\/wp-content\/uploads\/2026\/04\/Photoroom_20260408_192421.png","contentUrl":"https:\/\/atlanticxperience.com\/wp-content\/uploads\/2026\/04\/Photoroom_20260408_192421.png","width":1536,"height":1024,"caption":"admin"},"logo":{"@id":"https:\/\/atlanticxperience.com\/wp-content\/uploads\/2026\/04\/Photoroom_20260408_192421.png"},"sameAs":["https:\/\/atlanticxperience.com"]}]}},"_links":{"self":[{"href":"https:\/\/atlanticxperience.com\/en\/wp-json\/wp\/v2\/pages\/179","targetHints":{"allow":["GET"]}}],"collection":[{"href":"https:\/\/atlanticxperience.com\/en\/wp-json\/wp\/v2\/pages"}],"about":[{"href":"https:\/\/atlanticxperience.com\/en\/wp-json\/wp\/v2\/types\/page"}],"author":[{"embeddable":true,"href":"https:\/\/atlanticxperience.com\/en\/wp-json\/wp\/v2\/users\/1"}],"replies":[{"embeddable":true,"href":"https:\/\/atlanticxperience.com\/en\/wp-json\/wp\/v2\/comments?post=179"}],"version-history":[{"count":14,"href":"https:\/\/atlanticxperience.com\/en\/wp-json\/wp\/v2\/pages\/179\/revisions"}],"predecessor-version":[{"id":503,"href":"https:\/\/atlanticxperience.com\/en\/wp-json\/wp\/v2\/pages\/179\/revisions\/503"}],"wp:attachment":[{"href":"https:\/\/atlanticxperience.com\/en\/wp-json\/wp\/v2\/media?parent=179"}],"curies":[{"name":"wp","href":"https:\/\/api.w.org\/{rel}","templated":true}]}}