{"id":184,"date":"2026-04-07T11:19:31","date_gmt":"2026-04-07T11:19:31","guid":{"rendered":"https:\/\/atlanticxperience.com\/impressum\/"},"modified":"2026-04-08T18:54:01","modified_gmt":"2026-04-08T18:54:01","slug":"impressum","status":"publish","type":"page","link":"https:\/\/atlanticxperience.com\/en\/impressum\/","title":{"rendered":"Impressum"},"content":{"rendered":"<div class=\"wp-block-group alignfull is-style-ext-preset--group--natural-1--section has-background-background-color has-background has-global-padding is-layout-constrained wp-container-core-group-is-layout-6150fac0 wp-block-group-is-layout-constrained\" style=\"margin-top:0;margin-bottom:0;padding-top:var(--wp--preset--spacing--70);padding-bottom:var(--wp--preset--spacing--70)\">\n<p class=\"ext-animate--on\"><strong>Wichtiger Hinweis: Diese Impressum-Vorlage wurde mit gr\u00f6\u00dfter Sorgfalt erstellt. Dennoch \u00fcbernehmen wir keine Gew\u00e4hr f\u00fcr die Vollst\u00e4ndigkeit und Richtigkeit der Inhalte sowie f\u00fcr deren Rechtssicherheit. Es liegt in der Verantwortung des Nutzers, die Vorlage eigenst\u00e4ndig an die jeweils geltenden gesetzlichen Bestimmungen anzupassen und auf ihre Aktualit\u00e4t zu pr\u00fcfen. Eine Haftung f\u00fcr Sch\u00e4den, die direkt oder indirekt aus der Nutzung dieser Vorlage entstehen, wird ausgeschlossen.<\/strong> <br><br> <strong>Website-Betreiber:<\/strong><br> AtlanticXPerience<br> Klosterstra\u00dfe 5                 Rua Salgueira Maia<br> 24211 Preetz                     8600-620 Lagos<br> Deutschland                     Portugal<br><br> <strong>Kontaktinformationen:<\/strong><br> Telefon: +49 171 22 33 666<br> E-Mail: Info@atlanticxperience.com          voss@sunset-lagos.com<br> Website: https:\/\/www.atlanticxperience.com<br><br> <strong>Vertretungsberechtigte Person:<\/strong><br> Martin Vo\u00df<br> Inhaber<br><br> <strong>Unternehmensregistrierung:<\/strong><br> Registergericht: <br> Handelsregisternummer: <br> Umsatzsteuer-ID gem\u00e4\u00df \u00a7 27a UStG: <br><br> <strong>Letzte Aktualisierung:<\/strong><br> 09. April 2026<\/p>\n<\/div>","protected":false},"excerpt":{"rendered":"<p>Wichtiger Hinweis: Diese Impressum-Vorlage wurde mit gr\u00f6\u00dfter Sorgfalt erstellt. Dennoch \u00fcbernehmen wir keine Gew\u00e4hr f\u00fcr die Vollst\u00e4ndigkeit und Richtigkeit der Inhalte sowie f\u00fcr deren Rechtssicherheit. Es liegt in der Verantwortung des Nutzers, die Vorlage eigenst\u00e4ndig an die jeweils geltenden gesetzlichen Bestimmungen anzupassen und auf ihre Aktualit\u00e4t zu pr\u00fcfen. Eine Haftung f\u00fcr Sch\u00e4den, die direkt oder [&hellip;]<\/p>\n","protected":false},"author":1,"featured_media":0,"parent":0,"menu_order":0,"comment_status":"closed","ping_status":"closed","template":"page-with-title","meta":{"_kadence_starter_templates_imported_post":false,"footnotes":""},"class_list":["post-184","page","type-page","status-publish","hentry"],"yoast_head":"<!-- This site is optimized with the Yoast SEO plugin v27.3 - https:\/\/yoast.com\/product\/yoast-seo-wordpress\/ -->\n<title>Impressum - AtlanticXperience<\/title>\n<meta name=\"robots\" content=\"index, follow, max-snippet:-1, max-image-preview:large, max-video-preview:-1\" \/>\n<link rel=\"canonical\" href=\"https:\/\/atlanticxperienc-5jcvf3tycp.live-website.com\/impressum\/\" \/>\n<meta property=\"og:locale\" content=\"en_US\" \/>\n<meta property=\"og:type\" content=\"article\" \/>\n<meta property=\"og:title\" content=\"Impressum - AtlanticXperience\" \/>\n<meta property=\"og:description\" content=\"Wichtiger Hinweis: Diese Impressum-Vorlage wurde mit gr\u00f6\u00dfter Sorgfalt erstellt. Dennoch \u00fcbernehmen wir keine Gew\u00e4hr f\u00fcr die Vollst\u00e4ndigkeit und Richtigkeit der Inhalte sowie f\u00fcr deren Rechtssicherheit. Es liegt in der Verantwortung des Nutzers, die Vorlage eigenst\u00e4ndig an die jeweils geltenden gesetzlichen Bestimmungen anzupassen und auf ihre Aktualit\u00e4t zu pr\u00fcfen. Eine Haftung f\u00fcr Sch\u00e4den, die direkt oder [&hellip;]\" \/>\n<meta property=\"og:url\" content=\"https:\/\/atlanticxperienc-5jcvf3tycp.live-website.com\/impressum\/\" \/>\n<meta property=\"og:site_name\" content=\"AtlanticXperience\" \/>\n<meta property=\"article:modified_time\" content=\"2026-04-08T18:54:01+00:00\" \/>\n<meta property=\"og:image\" content=\"https:\/\/atlanticxperience.com\/wp-content\/uploads\/2026\/04\/Photoroom_20260408_192502.png\" \/>\n\t<meta property=\"og:image:width\" content=\"1080\" \/>\n\t<meta property=\"og:image:height\" content=\"1920\" \/>\n\t<meta property=\"og:image:type\" content=\"image\/png\" \/>\n<meta name=\"twitter:card\" content=\"summary_large_image\" \/>\n<meta name=\"twitter:label1\" content=\"Est. reading time\" \/>\n\t<meta name=\"twitter:data1\" content=\"1 minute\" \/>\n<script type=\"application\/ld+json\" class=\"yoast-schema-graph\">{\"@context\":\"https:\\\/\\\/schema.org\",\"@graph\":[{\"@type\":\"WebPage\",\"@id\":\"https:\\\/\\\/atlanticxperienc-5jcvf3tycp.live-website.com\\\/impressum\\\/\",\"url\":\"https:\\\/\\\/atlanticxperienc-5jcvf3tycp.live-website.com\\\/impressum\\\/\",\"name\":\"Impressum - AtlanticXperience\",\"isPartOf\":{\"@id\":\"https:\\\/\\\/atlanticxperienc-5jcvf3tycp.live-website.com\\\/#website\"},\"datePublished\":\"2026-04-07T11:19:31+00:00\",\"dateModified\":\"2026-04-08T18:54:01+00:00\",\"breadcrumb\":{\"@id\":\"https:\\\/\\\/atlanticxperienc-5jcvf3tycp.live-website.com\\\/impressum\\\/#breadcrumb\"},\"inLanguage\":\"en-US\",\"potentialAction\":[{\"@type\":\"ReadAction\",\"target\":[\"https:\\\/\\\/atlanticxperienc-5jcvf3tycp.live-website.com\\\/impressum\\\/\"]}]},{\"@type\":\"BreadcrumbList\",\"@id\":\"https:\\\/\\\/atlanticxperienc-5jcvf3tycp.live-website.com\\\/impressum\\\/#breadcrumb\",\"itemListElement\":[{\"@type\":\"ListItem\",\"position\":1,\"name\":\"Start\",\"item\":\"https:\\\/\\\/atlanticxperience.com\\\/\"},{\"@type\":\"ListItem\",\"position\":2,\"name\":\"Impressum\"}]},{\"@type\":\"WebSite\",\"@id\":\"https:\\\/\\\/atlanticxperienc-5jcvf3tycp.live-website.com\\\/#website\",\"url\":\"https:\\\/\\\/atlanticxperienc-5jcvf3tycp.live-website.com\\\/\",\"name\":\"AtlanticXperience\",\"description\":\"Exclusive Ocean Experiences in Lagos - with World Champion Skipper\",\"publisher\":{\"@id\":\"https:\\\/\\\/atlanticxperienc-5jcvf3tycp.live-website.com\\\/#\\\/schema\\\/person\\\/e87ab97fc69e482ef8a903782368c1c7\"},\"alternateName\":\"Exclusive Ocean Experiences in Lagos - with World Champion Skipper\",\"potentialAction\":[{\"@type\":\"SearchAction\",\"target\":{\"@type\":\"EntryPoint\",\"urlTemplate\":\"https:\\\/\\\/atlanticxperienc-5jcvf3tycp.live-website.com\\\/?s={search_term_string}\"},\"query-input\":{\"@type\":\"PropertyValueSpecification\",\"valueRequired\":true,\"valueName\":\"search_term_string\"}}],\"inLanguage\":\"en-US\"},{\"@type\":[\"Person\",\"Organization\"],\"@id\":\"https:\\\/\\\/atlanticxperienc-5jcvf3tycp.live-website.com\\\/#\\\/schema\\\/person\\\/e87ab97fc69e482ef8a903782368c1c7\",\"name\":\"admin\",\"image\":{\"@type\":\"ImageObject\",\"inLanguage\":\"en-US\",\"@id\":\"https:\\\/\\\/atlanticxperience.com\\\/wp-content\\\/uploads\\\/2026\\\/04\\\/Photoroom_20260408_192421.png\",\"url\":\"https:\\\/\\\/atlanticxperience.com\\\/wp-content\\\/uploads\\\/2026\\\/04\\\/Photoroom_20260408_192421.png\",\"contentUrl\":\"https:\\\/\\\/atlanticxperience.com\\\/wp-content\\\/uploads\\\/2026\\\/04\\\/Photoroom_20260408_192421.png\",\"width\":1536,\"height\":1024,\"caption\":\"admin\"},\"logo\":{\"@id\":\"https:\\\/\\\/atlanticxperience.com\\\/wp-content\\\/uploads\\\/2026\\\/04\\\/Photoroom_20260408_192421.png\"},\"sameAs\":[\"https:\\\/\\\/atlanticxperience.com\"]}]}<\/script>\n<!-- \/ Yoast SEO plugin. -->","yoast_head_json":{"title":"Impressum - AtlanticXperience","robots":{"index":"index","follow":"follow","max-snippet":"max-snippet:-1","max-image-preview":"max-image-preview:large","max-video-preview":"max-video-preview:-1"},"canonical":"https:\/\/atlanticxperienc-5jcvf3tycp.live-website.com\/impressum\/","og_locale":"en_US","og_type":"article","og_title":"Impressum - AtlanticXperience","og_description":"Wichtiger Hinweis: Diese Impressum-Vorlage wurde mit gr\u00f6\u00dfter Sorgfalt erstellt. Dennoch \u00fcbernehmen wir keine Gew\u00e4hr f\u00fcr die Vollst\u00e4ndigkeit und Richtigkeit der Inhalte sowie f\u00fcr deren Rechtssicherheit. Es liegt in der Verantwortung des Nutzers, die Vorlage eigenst\u00e4ndig an die jeweils geltenden gesetzlichen Bestimmungen anzupassen und auf ihre Aktualit\u00e4t zu pr\u00fcfen. Eine Haftung f\u00fcr Sch\u00e4den, die direkt oder [&hellip;]","og_url":"https:\/\/atlanticxperienc-5jcvf3tycp.live-website.com\/impressum\/","og_site_name":"AtlanticXperience","article_modified_time":"2026-04-08T18:54:01+00:00","og_image":[{"width":1080,"height":1920,"url":"https:\/\/atlanticxperience.com\/wp-content\/uploads\/2026\/04\/Photoroom_20260408_192502.png","type":"image\/png"}],"twitter_card":"summary_large_image","twitter_misc":{"Est. reading time":"1 minute"},"schema":{"@context":"https:\/\/schema.org","@graph":[{"@type":"WebPage","@id":"https:\/\/atlanticxperienc-5jcvf3tycp.live-website.com\/impressum\/","url":"https:\/\/atlanticxperienc-5jcvf3tycp.live-website.com\/impressum\/","name":"Impressum - AtlanticXperience","isPartOf":{"@id":"https:\/\/atlanticxperienc-5jcvf3tycp.live-website.com\/#website"},"datePublished":"2026-04-07T11:19:31+00:00","dateModified":"2026-04-08T18:54:01+00:00","breadcrumb":{"@id":"https:\/\/atlanticxperienc-5jcvf3tycp.live-website.com\/impressum\/#breadcrumb"},"inLanguage":"en-US","potentialAction":[{"@type":"ReadAction","target":["https:\/\/atlanticxperienc-5jcvf3tycp.live-website.com\/impressum\/"]}]},{"@type":"BreadcrumbList","@id":"https:\/\/atlanticxperienc-5jcvf3tycp.live-website.com\/impressum\/#breadcrumb","itemListElement":[{"@type":"ListItem","position":1,"name":"Start","item":"https:\/\/atlanticxperience.com\/"},{"@type":"ListItem","position":2,"name":"Impressum"}]},{"@type":"WebSite","@id":"https:\/\/atlanticxperienc-5jcvf3tycp.live-website.com\/#website","url":"https:\/\/atlanticxperienc-5jcvf3tycp.live-website.com\/","name":"AtlanticXperience","description":"Exclusive Ocean Experiences in Lagos - with World Champion Skipper","publisher":{"@id":"https:\/\/atlanticxperienc-5jcvf3tycp.live-website.com\/#\/schema\/person\/e87ab97fc69e482ef8a903782368c1c7"},"alternateName":"Exclusive Ocean Experiences in Lagos - with World Champion Skipper","potentialAction":[{"@type":"SearchAction","target":{"@type":"EntryPoint","urlTemplate":"https:\/\/atlanticxperienc-5jcvf3tycp.live-website.com\/?s={search_term_string}"},"query-input":{"@type":"PropertyValueSpecification","valueRequired":true,"valueName":"search_term_string"}}],"inLanguage":"en-US"},{"@type":["Person","Organization"],"@id":"https:\/\/atlanticxperienc-5jcvf3tycp.live-website.com\/#\/schema\/person\/e87ab97fc69e482ef8a903782368c1c7","name":"admin","image":{"@type":"ImageObject","inLanguage":"en-US","@id":"https:\/\/atlanticxperience.com\/wp-content\/uploads\/2026\/04\/Photoroom_20260408_192421.png","url":"https:\/\/atlanticxperience.com\/wp-content\/uploads\/2026\/04\/Photoroom_20260408_192421.png","contentUrl":"https:\/\/atlanticxperience.com\/wp-content\/uploads\/2026\/04\/Photoroom_20260408_192421.png","width":1536,"height":1024,"caption":"admin"},"logo":{"@id":"https:\/\/atlanticxperience.com\/wp-content\/uploads\/2026\/04\/Photoroom_20260408_192421.png"},"sameAs":["https:\/\/atlanticxperience.com"]}]}},"_links":{"self":[{"href":"https:\/\/atlanticxperience.com\/en\/wp-json\/wp\/v2\/pages\/184","targetHints":{"allow":["GET"]}}],"collection":[{"href":"https:\/\/atlanticxperience.com\/en\/wp-json\/wp\/v2\/pages"}],"about":[{"href":"https:\/\/atlanticxperience.com\/en\/wp-json\/wp\/v2\/types\/page"}],"author":[{"embeddable":true,"href":"https:\/\/atlanticxperience.com\/en\/wp-json\/wp\/v2\/users\/1"}],"replies":[{"embeddable":true,"href":"https:\/\/atlanticxperience.com\/en\/wp-json\/wp\/v2\/comments?post=184"}],"version-history":[{"count":1,"href":"https:\/\/atlanticxperience.com\/en\/wp-json\/wp\/v2\/pages\/184\/revisions"}],"predecessor-version":[{"id":407,"href":"https:\/\/atlanticxperience.com\/en\/wp-json\/wp\/v2\/pages\/184\/revisions\/407"}],"wp:attachment":[{"href":"https:\/\/atlanticxperience.com\/en\/wp-json\/wp\/v2\/media?parent=184"}],"curies":[{"name":"wp","href":"https:\/\/api.w.org\/{rel}","templated":true}]}}