{"id":472,"date":"2026-04-09T09:08:36","date_gmt":"2026-04-09T09:08:36","guid":{"rendered":"https:\/\/atlanticxperience.com\/?page_id=472"},"modified":"2026-04-09T12:36:17","modified_gmt":"2026-04-09T12:36:17","slug":"sunset-cruise-lagos-private-ocean-experience","status":"publish","type":"page","link":"https:\/\/atlanticxperience.com\/en\/sunset-cruise-lagos-private-ocean-experience\/","title":{"rendered":"Sunset Cruise Lagos"},"content":{"rendered":"<div class=\"wp-block-group alignfull is-style-ext-preset--group--natural-1--section ext-animate--on has-background-background-color has-background has-global-padding is-layout-constrained wp-block-group-is-layout-constrained\" style=\"margin-top:0;margin-bottom:0;padding-top:var(--wp--preset--spacing--70);padding-bottom:var(--wp--preset--spacing--70)\">\n<div class=\"wp-block-columns alignwide are-vertically-aligned-center ext-animate--on is-layout-flex wp-container-core-columns-is-layout-174606dc wp-block-columns-is-layout-flex\">\n<div class=\"wp-block-column is-vertically-aligned-center ext-animate--on is-layout-flow wp-block-column-is-layout-flow\">\n<h2 class=\"wp-block-heading ext-animate--on\">Romantische Bootsfahrt<\/h2>\n\n\n\n<p class=\"ext-animate--on\" style=\"margin-top:1.5rem\">Genie\u00dfen Sie eine exklusive Tour entlang der Algarve-K\u00fcste, erleben Sie unvergessliche Sonnenunterg\u00e4nge und entspannte Stunden an Bord unseres komfortablen Bootes mit pers\u00f6nlicher Betreuung durch Skipper Martin Voss.<\/p>\n\n\n\n<p class=\"ext-animate--on\">Dies ist eine private und exclusive Experience, kein \u00fcberf\u00fcllter T\u00f6rn. <\/p>\n\n\n\n<div class=\"wp-block-buttons ext-animate--on is-layout-flex wp-block-buttons-is-layout-flex\">\n<div class=\"wp-block-button is-style-ext-preset--button--natural-1--button-1 ext-animate--on is-style-ext-preset--button--natural-1--button-1--2\"><a class=\"wp-block-button__link wp-element-button\" href=\"https:\/\/atlanticxperience.com\/en\/buchung\/\">Book your Sunset Cruise<\/a><\/div>\n<\/div>\n<\/div>\n\n\n\n<div class=\"wp-block-column is-vertically-aligned-center ext-animate--on is-layout-flow wp-block-column-is-layout-flow\">\n<figure class=\"wp-block-image is-style-ext-preset--image--natural-1--image-1--content-left ext-animate--on is-style-ext-preset--image--natural-1--image-1--content-left--3\"><img loading=\"lazy\" decoding=\"async\" width=\"982\" height=\"1440\" class=\"wp-image-507\" src=\"https:\/\/atlanticxperience.com\/wp-content\/uploads\/2026\/04\/6b3b077e73af508c0bf30ebd375ced9b92c14e4d.jpg\" alt=\"\" style=\"aspect-ratio:1;object-fit:cover\"\/><\/figure>\n<\/div>\n<\/div>\n<\/div>\n\n\n\n<div class=\"wp-block-group alignfull is-style-ext-preset--group--natural-1--section ext-animate--on has-tertiary-background-color has-background has-global-padding is-layout-constrained wp-container-core-group-is-layout-f72f1611 wp-block-group-is-layout-constrained\" style=\"margin-top:0;margin-bottom:0;padding-top:var(--wp--preset--spacing--70);padding-bottom:var(--wp--preset--spacing--70)\">\n<div class=\"wp-block-group alignwide ext-is-logical-start ext-animate--on has-global-padding is-content-justification-left is-layout-constrained wp-container-core-group-is-layout-6729bdbe wp-block-group-is-layout-constrained\">\n<h2 class=\"wp-block-heading ext-animate--on\">Entdecken Sie unsere faszinierende Bildersammlung.<\/h2>\n\n\n\n<p class=\"has-text-align-left ext-animate--on\">In diesem Bereich pr\u00e4sentieren wir eine exklusive Auswahl an Fotos, die die Magie und Einzigartigkeit unserer Sunset Cruise Lagos erlebbar machen.<\/p>\n<\/div>\n\n\n\n<div class=\"wp-block-columns alignwide ext-animate--on is-layout-flex wp-container-core-columns-is-layout-87beb0d0 wp-block-columns-is-layout-flex\">\n<div class=\"wp-block-column is-vertically-aligned-stretch ext-animate--on is-layout-flow wp-container-core-column-is-layout-f5bb311e wp-block-column-is-layout-flow\" style=\"flex-basis:50%\">\n<div class=\"wp-block-cover is-light is-style-ext-preset--image--natural-1--image-1--content-top ext-animate--on is-style-ext-preset--image--natural-1--image-1--content-top--5\" style=\"padding-top:0;padding-bottom:0;min-height:100%;aspect-ratio:unset;\"><img loading=\"lazy\" decoding=\"async\" width=\"1024\" height=\"764\" class=\"wp-block-cover__image-background wp-image-489 size-large\" alt=\"Lagos Praia Batata\" src=\"https:\/\/atlanticxperience.com\/wp-content\/uploads\/2026\/04\/IMG_0299-1-1024x764.jpg\" data-object-fit=\"cover\" srcset=\"https:\/\/atlanticxperience.com\/wp-content\/uploads\/2026\/04\/IMG_0299-1-1024x764.jpg 1024w, https:\/\/atlanticxperience.com\/wp-content\/uploads\/2026\/04\/IMG_0299-1-300x224.jpg 300w, https:\/\/atlanticxperience.com\/wp-content\/uploads\/2026\/04\/IMG_0299-1-768x573.jpg 768w, https:\/\/atlanticxperience.com\/wp-content\/uploads\/2026\/04\/IMG_0299-1-16x12.jpg 16w, https:\/\/atlanticxperience.com\/wp-content\/uploads\/2026\/04\/IMG_0299-1.jpg 1178w\" sizes=\"auto, (max-width: 1024px) 100vw, 1024px\" \/><span aria-hidden=\"true\" class=\"wp-block-cover__background has-background-dim-0 has-background-dim\" style=\"background-color:#8e8c87\"><\/span><div class=\"wp-block-cover__inner-container is-layout-flow wp-block-cover-is-layout-flow\">\n<div style=\"height:240px\" aria-hidden=\"true\" class=\"wp-block-spacer ext-animate--on\"><\/div>\n<\/div><\/div>\n<\/div>\n\n\n\n<div class=\"wp-block-column is-vertically-aligned-top ext-animate--on is-layout-flow wp-container-core-column-is-layout-f5bb311e wp-block-column-is-layout-flow\">\n<figure class=\"wp-block-image size-large is-style-ext-preset--image--natural-1--image-1--content-top ext-animate--on is-style-ext-preset--image--natural-1--image-1--content-top--6\"><img loading=\"lazy\" decoding=\"async\" width=\"1024\" height=\"683\" src=\"https:\/\/atlanticxperience.com\/wp-content\/uploads\/2026\/04\/9df79a07-ae7e-4c9c-8ccb-8a801ba28c22-1024x683.png\" alt=\"Der Sonne entgegen\" class=\"wp-image-483\" style=\"aspect-ratio:1;object-fit:cover\" srcset=\"https:\/\/atlanticxperience.com\/wp-content\/uploads\/2026\/04\/9df79a07-ae7e-4c9c-8ccb-8a801ba28c22-1024x683.png 1024w, https:\/\/atlanticxperience.com\/wp-content\/uploads\/2026\/04\/9df79a07-ae7e-4c9c-8ccb-8a801ba28c22-300x200.png 300w, https:\/\/atlanticxperience.com\/wp-content\/uploads\/2026\/04\/9df79a07-ae7e-4c9c-8ccb-8a801ba28c22-768x512.png 768w, https:\/\/atlanticxperience.com\/wp-content\/uploads\/2026\/04\/9df79a07-ae7e-4c9c-8ccb-8a801ba28c22-18x12.png 18w, https:\/\/atlanticxperience.com\/wp-content\/uploads\/2026\/04\/9df79a07-ae7e-4c9c-8ccb-8a801ba28c22.png 1536w\" sizes=\"auto, (max-width: 1024px) 100vw, 1024px\" \/><figcaption class=\"wp-element-caption\">Der Sonne entgegen<\/figcaption><\/figure>\n\n\n\n<figure class=\"wp-block-image size-large is-style-ext-preset--image--natural-1--image-1--content-top ext-animate--on is-style-ext-preset--image--natural-1--image-1--content-top--7\"><img loading=\"lazy\" decoding=\"async\" width=\"1024\" height=\"765\" src=\"https:\/\/atlanticxperience.com\/wp-content\/uploads\/2026\/04\/IMG_0305-1024x765.jpg\" alt=\"Sunset Cruise Lagos\" class=\"wp-image-487\" style=\"aspect-ratio:1;object-fit:cover\" srcset=\"https:\/\/atlanticxperience.com\/wp-content\/uploads\/2026\/04\/IMG_0305-1024x765.jpg 1024w, https:\/\/atlanticxperience.com\/wp-content\/uploads\/2026\/04\/IMG_0305-300x224.jpg 300w, https:\/\/atlanticxperience.com\/wp-content\/uploads\/2026\/04\/IMG_0305-768x574.jpg 768w, https:\/\/atlanticxperience.com\/wp-content\/uploads\/2026\/04\/IMG_0305-1536x1147.jpg 1536w, https:\/\/atlanticxperience.com\/wp-content\/uploads\/2026\/04\/IMG_0305-2048x1530.jpg 2048w, https:\/\/atlanticxperience.com\/wp-content\/uploads\/2026\/04\/IMG_0305-16x12.jpg 16w\" sizes=\"auto, (max-width: 1024px) 100vw, 1024px\" \/><figcaption class=\"wp-element-caption\">Sunset Cruise Lagos<\/figcaption><\/figure>\n<\/div>\n\n\n\n<div class=\"wp-block-column is-vertically-aligned-top ext-animate--on is-layout-flow wp-container-core-column-is-layout-f5bb311e wp-block-column-is-layout-flow\">\n<figure class=\"wp-block-image size-full is-style-ext-preset--image--natural-1--image-1--content-top ext-animate--on is-style-ext-preset--image--natural-1--image-1--content-top--8\"><img loading=\"lazy\" decoding=\"async\" width=\"720\" height=\"519\" src=\"https:\/\/atlanticxperience.com\/wp-content\/uploads\/2026\/04\/IMG_1277.jpg\" alt=\"Lisboa Sundowner\" class=\"wp-image-266\" style=\"aspect-ratio:1;object-fit:cover\"\/><figcaption class=\"wp-element-caption\">Lisboa Sundowner<\/figcaption><\/figure>\n\n\n\n<figure class=\"wp-block-image size-large is-style-ext-preset--image--natural-1--image-1--content-top ext-animate--on is-style-ext-preset--image--natural-1--image-1--content-top--9\"><img loading=\"lazy\" decoding=\"async\" width=\"1024\" height=\"683\" src=\"https:\/\/atlanticxperience.com\/wp-content\/uploads\/2026\/04\/5648158c0d86b6c7927df89b77414792c3e17b0f-1024x683.jpg\" alt=\"Leeward Sun\" class=\"wp-image-105\" style=\"aspect-ratio:1;object-fit:cover\" srcset=\"https:\/\/atlanticxperience.com\/wp-content\/uploads\/2026\/04\/5648158c0d86b6c7927df89b77414792c3e17b0f-1024x683.jpg 1024w, https:\/\/atlanticxperience.com\/wp-content\/uploads\/2026\/04\/5648158c0d86b6c7927df89b77414792c3e17b0f-300x200.jpg 300w, https:\/\/atlanticxperience.com\/wp-content\/uploads\/2026\/04\/5648158c0d86b6c7927df89b77414792c3e17b0f-768x512.jpg 768w, https:\/\/atlanticxperience.com\/wp-content\/uploads\/2026\/04\/5648158c0d86b6c7927df89b77414792c3e17b0f-18x12.jpg 18w, https:\/\/atlanticxperience.com\/wp-content\/uploads\/2026\/04\/5648158c0d86b6c7927df89b77414792c3e17b0f.jpg 1440w\" sizes=\"auto, (max-width: 1024px) 100vw, 1024px\" \/><figcaption class=\"wp-element-caption\">Leeward Sun<\/figcaption><\/figure>\n<\/div>\n<\/div>\n<\/div>\n\n\n\n<div class=\"wp-block-group alignfull is-style-ext-preset--group--natural-1--section ext-animate--on has-tertiary-background-color has-background has-global-padding is-layout-constrained wp-container-core-group-is-layout-e96f6837 wp-block-group-is-layout-constrained\" style=\"margin-top:0;margin-bottom:0;padding-top:0;padding-right:0;padding-bottom:0;padding-left:0\">\n<div class=\"wp-block-cover alignfull ext-animate--on is-style-ext-preset--image--brutalism-1--image-1--content-bottom is-style-ext-preset--image--brutalism-1--image-1--content-bottom--11\" style=\"padding-top:var(--wp--preset--spacing--70);padding-right:var(--wp--preset--spacing--30);padding-bottom:var(--wp--preset--spacing--70);padding-left:var(--wp--preset--spacing--30)\"><img loading=\"lazy\" decoding=\"async\" width=\"1024\" height=\"683\" class=\"wp-block-cover__image-background wp-image-300 size-large\" alt=\"Boot Sonnenuntergang\" src=\"https:\/\/atlanticxperience.com\/wp-content\/uploads\/2026\/04\/1486FEF0-2CE3-4C75-AF64-2E0A372BC459-1024x683.png\" data-object-fit=\"cover\" srcset=\"https:\/\/atlanticxperience.com\/wp-content\/uploads\/2026\/04\/1486FEF0-2CE3-4C75-AF64-2E0A372BC459-1024x683.png 1024w, https:\/\/atlanticxperience.com\/wp-content\/uploads\/2026\/04\/1486FEF0-2CE3-4C75-AF64-2E0A372BC459-300x200.png 300w, https:\/\/atlanticxperience.com\/wp-content\/uploads\/2026\/04\/1486FEF0-2CE3-4C75-AF64-2E0A372BC459-768x512.png 768w, https:\/\/atlanticxperience.com\/wp-content\/uploads\/2026\/04\/1486FEF0-2CE3-4C75-AF64-2E0A372BC459-18x12.png 18w, https:\/\/atlanticxperience.com\/wp-content\/uploads\/2026\/04\/1486FEF0-2CE3-4C75-AF64-2E0A372BC459.png 1536w\" sizes=\"auto, (max-width: 1024px) 100vw, 1024px\" \/><span aria-hidden=\"true\" class=\"wp-block-cover__background has-background-dim-40 has-background-dim\" style=\"background-color:#010101\"><\/span><div class=\"wp-block-cover__inner-container has-global-padding is-layout-constrained wp-container-core-cover-is-layout-5cffc2c1 wp-block-cover-is-layout-constrained\">\n<div class=\"wp-block-group alignwide ext-animate--on is-vertical is-content-justification-center is-layout-flex wp-container-core-group-is-layout-c9ee0c5a wp-block-group-is-layout-flex\">\n<div class=\"wp-block-group ext-animate--on has-global-padding is-layout-constrained wp-container-core-group-is-layout-2287c683 wp-block-group-is-layout-constrained\">\n<h2 class=\"wp-block-heading has-text-align-center ext-animate--on\">Erleben Sie heute unvergessliche Sonnenunterg\u00e4nge<\/h2>\n\n\n\n<p class=\"has-text-align-center ext-animate--on\">Genie\u00dfen Sie eine exklusive Bootsfahrt bei Sonnenuntergang und entdecken Sie die magische K\u00fcste Lagos \u2013 buchen Sie jetzt Ihre pers\u00f6nliche Tour mit Skipper Martin Voss.<\/p>\n<\/div>\n\n\n\n<div class=\"wp-block-buttons ext-animate--on is-layout-flex wp-block-buttons-is-layout-flex\">\n<div class=\"wp-block-button is-style-ext-preset--button--natural-1--button-1 ext-animate--on is-style-ext-preset--button--natural-1--button-1--12\"><a class=\"wp-block-button__link wp-element-button\" href=\"https:\/\/atlanticxperience.com\/en\/buchung\/\">Private Experience Booking<\/a><\/div>\n<\/div>\n<\/div>\n<\/div><\/div>\n<\/div>","protected":false},"excerpt":{"rendered":"<p>Romantische Bootsfahrt Genie\u00dfen Sie eine exklusive Tour entlang der Algarve-K\u00fcste, erleben Sie unvergessliche Sonnenunterg\u00e4nge und entspannte Stunden an Bord unseres komfortablen Bootes mit pers\u00f6nlicher Betreuung durch Skipper Martin Voss. Dies ist eine private und exclusive Experience, kein \u00fcberf\u00fcllter T\u00f6rn. Entdecken Sie unsere faszinierende Bildersammlung. In diesem Bereich pr\u00e4sentieren wir eine exklusive Auswahl an Fotos, die [&hellip;]<\/p>\n","protected":false},"author":1,"featured_media":0,"parent":0,"menu_order":0,"comment_status":"closed","ping_status":"closed","template":"page-with-title","meta":{"_kadence_starter_templates_imported_post":false,"footnotes":""},"class_list":["post-472","page","type-page","status-publish","hentry"],"yoast_head":"<!-- This site is optimized with the Yoast SEO plugin v27.3 - https:\/\/yoast.com\/product\/yoast-seo-wordpress\/ -->\n<title>Sunset Cruise Lagos - AtlanticXperience<\/title>\n<meta name=\"description\" content=\"Enjoy a breathtaking sunset cruise in Lagos. Experience golden hour on the Atlantic with a private Skipper and unforgettable views.\" \/>\n<meta name=\"robots\" content=\"index, follow, max-snippet:-1, max-image-preview:large, max-video-preview:-1\" \/>\n<link rel=\"canonical\" href=\"https:\/\/atlanticxperience.com\/en\/sunset-cruise-lagos-private-ocean-experience\/\" \/>\n<meta property=\"og:locale\" content=\"en_US\" \/>\n<meta property=\"og:type\" content=\"article\" \/>\n<meta property=\"og:title\" content=\"Sunset Cruise Lagos - AtlanticXperience\" \/>\n<meta property=\"og:description\" content=\"Enjoy a breathtaking sunset cruise in Lagos. Experience golden hour on the Atlantic with a private Skipper and unforgettable views.\" \/>\n<meta property=\"og:url\" content=\"https:\/\/atlanticxperience.com\/en\/sunset-cruise-lagos-private-ocean-experience\/\" \/>\n<meta property=\"og:site_name\" content=\"AtlanticXperience\" \/>\n<meta property=\"article:modified_time\" content=\"2026-04-09T12:36:17+00:00\" \/>\n<meta property=\"og:image\" content=\"https:\/\/atlanticxperience.com\/wp-content\/uploads\/2026\/04\/6b3b077e73af508c0bf30ebd375ced9b92c14e4d.jpg\" \/>\n\t<meta property=\"og:image:width\" content=\"982\" \/>\n\t<meta property=\"og:image:height\" content=\"1440\" \/>\n\t<meta property=\"og:image:type\" content=\"image\/jpeg\" \/>\n<meta name=\"twitter:card\" content=\"summary_large_image\" \/>\n<meta name=\"twitter:label1\" content=\"Est. reading time\" \/>\n\t<meta name=\"twitter:data1\" content=\"3 minutes\" \/>\n<script type=\"application\/ld+json\" class=\"yoast-schema-graph\">{\"@context\":\"https:\\\/\\\/schema.org\",\"@graph\":[{\"@type\":\"WebPage\",\"@id\":\"https:\\\/\\\/atlanticxperience.com\\\/sunset-cruise-lagos-private-ocean-experience\\\/\",\"url\":\"https:\\\/\\\/atlanticxperience.com\\\/sunset-cruise-lagos-private-ocean-experience\\\/\",\"name\":\"Sunset Cruise Lagos - AtlanticXperience\",\"isPartOf\":{\"@id\":\"https:\\\/\\\/atlanticxperienc-5jcvf3tycp.live-website.com\\\/#website\"},\"primaryImageOfPage\":{\"@id\":\"https:\\\/\\\/atlanticxperience.com\\\/sunset-cruise-lagos-private-ocean-experience\\\/#primaryimage\"},\"image\":{\"@id\":\"https:\\\/\\\/atlanticxperience.com\\\/sunset-cruise-lagos-private-ocean-experience\\\/#primaryimage\"},\"thumbnailUrl\":\"https:\\\/\\\/atlanticxperience.com\\\/wp-content\\\/uploads\\\/2026\\\/04\\\/6b3b077e73af508c0bf30ebd375ced9b92c14e4d.jpg\",\"datePublished\":\"2026-04-09T09:08:36+00:00\",\"dateModified\":\"2026-04-09T12:36:17+00:00\",\"description\":\"Enjoy a breathtaking sunset cruise in Lagos. Experience golden hour on the Atlantic with a private Skipper and unforgettable views.\",\"breadcrumb\":{\"@id\":\"https:\\\/\\\/atlanticxperience.com\\\/sunset-cruise-lagos-private-ocean-experience\\\/#breadcrumb\"},\"inLanguage\":\"en-US\",\"potentialAction\":[{\"@type\":\"ReadAction\",\"target\":[\"https:\\\/\\\/atlanticxperience.com\\\/sunset-cruise-lagos-private-ocean-experience\\\/\"]}]},{\"@type\":\"ImageObject\",\"inLanguage\":\"en-US\",\"@id\":\"https:\\\/\\\/atlanticxperience.com\\\/sunset-cruise-lagos-private-ocean-experience\\\/#primaryimage\",\"url\":\"https:\\\/\\\/atlanticxperience.com\\\/wp-content\\\/uploads\\\/2026\\\/04\\\/6b3b077e73af508c0bf30ebd375ced9b92c14e4d.jpg\",\"contentUrl\":\"https:\\\/\\\/atlanticxperience.com\\\/wp-content\\\/uploads\\\/2026\\\/04\\\/6b3b077e73af508c0bf30ebd375ced9b92c14e4d.jpg\"},{\"@type\":\"BreadcrumbList\",\"@id\":\"https:\\\/\\\/atlanticxperience.com\\\/sunset-cruise-lagos-private-ocean-experience\\\/#breadcrumb\",\"itemListElement\":[{\"@type\":\"ListItem\",\"position\":1,\"name\":\"Start\",\"item\":\"https:\\\/\\\/atlanticxperience.com\\\/\"},{\"@type\":\"ListItem\",\"position\":2,\"name\":\"Sunset Cruise Lagos\"}]},{\"@type\":\"WebSite\",\"@id\":\"https:\\\/\\\/atlanticxperienc-5jcvf3tycp.live-website.com\\\/#website\",\"url\":\"https:\\\/\\\/atlanticxperienc-5jcvf3tycp.live-website.com\\\/\",\"name\":\"AtlanticXperience\",\"description\":\"Exclusive Ocean Experiences in Lagos - with World Champion Skipper\",\"publisher\":{\"@id\":\"https:\\\/\\\/atlanticxperienc-5jcvf3tycp.live-website.com\\\/#\\\/schema\\\/person\\\/e87ab97fc69e482ef8a903782368c1c7\"},\"alternateName\":\"Exclusive Ocean Experiences in Lagos - with World Champion Skipper\",\"potentialAction\":[{\"@type\":\"SearchAction\",\"target\":{\"@type\":\"EntryPoint\",\"urlTemplate\":\"https:\\\/\\\/atlanticxperienc-5jcvf3tycp.live-website.com\\\/?s={search_term_string}\"},\"query-input\":{\"@type\":\"PropertyValueSpecification\",\"valueRequired\":true,\"valueName\":\"search_term_string\"}}],\"inLanguage\":\"en-US\"},{\"@type\":[\"Person\",\"Organization\"],\"@id\":\"https:\\\/\\\/atlanticxperienc-5jcvf3tycp.live-website.com\\\/#\\\/schema\\\/person\\\/e87ab97fc69e482ef8a903782368c1c7\",\"name\":\"admin\",\"image\":{\"@type\":\"ImageObject\",\"inLanguage\":\"en-US\",\"@id\":\"https:\\\/\\\/atlanticxperience.com\\\/wp-content\\\/uploads\\\/2026\\\/04\\\/Photoroom_20260408_192421.png\",\"url\":\"https:\\\/\\\/atlanticxperience.com\\\/wp-content\\\/uploads\\\/2026\\\/04\\\/Photoroom_20260408_192421.png\",\"contentUrl\":\"https:\\\/\\\/atlanticxperience.com\\\/wp-content\\\/uploads\\\/2026\\\/04\\\/Photoroom_20260408_192421.png\",\"width\":1536,\"height\":1024,\"caption\":\"admin\"},\"logo\":{\"@id\":\"https:\\\/\\\/atlanticxperience.com\\\/wp-content\\\/uploads\\\/2026\\\/04\\\/Photoroom_20260408_192421.png\"},\"sameAs\":[\"https:\\\/\\\/atlanticxperience.com\"]}]}<\/script>\n<!-- \/ Yoast SEO plugin. -->","yoast_head_json":{"title":"Sunset Cruise Lagos - AtlanticXperience","description":"Enjoy a breathtaking sunset cruise in Lagos. Experience golden hour on the Atlantic with a private Skipper and unforgettable views.","robots":{"index":"index","follow":"follow","max-snippet":"max-snippet:-1","max-image-preview":"max-image-preview:large","max-video-preview":"max-video-preview:-1"},"canonical":"https:\/\/atlanticxperience.com\/en\/sunset-cruise-lagos-private-ocean-experience\/","og_locale":"en_US","og_type":"article","og_title":"Sunset Cruise Lagos - AtlanticXperience","og_description":"Enjoy a breathtaking sunset cruise in Lagos. Experience golden hour on the Atlantic with a private Skipper and unforgettable views.","og_url":"https:\/\/atlanticxperience.com\/en\/sunset-cruise-lagos-private-ocean-experience\/","og_site_name":"AtlanticXperience","article_modified_time":"2026-04-09T12:36:17+00:00","og_image":[{"width":982,"height":1440,"url":"https:\/\/atlanticxperience.com\/wp-content\/uploads\/2026\/04\/6b3b077e73af508c0bf30ebd375ced9b92c14e4d.jpg","type":"image\/jpeg"}],"twitter_card":"summary_large_image","twitter_misc":{"Est. reading time":"3 minutes"},"schema":{"@context":"https:\/\/schema.org","@graph":[{"@type":"WebPage","@id":"https:\/\/atlanticxperience.com\/sunset-cruise-lagos-private-ocean-experience\/","url":"https:\/\/atlanticxperience.com\/sunset-cruise-lagos-private-ocean-experience\/","name":"Sunset Cruise Lagos - AtlanticXperience","isPartOf":{"@id":"https:\/\/atlanticxperienc-5jcvf3tycp.live-website.com\/#website"},"primaryImageOfPage":{"@id":"https:\/\/atlanticxperience.com\/sunset-cruise-lagos-private-ocean-experience\/#primaryimage"},"image":{"@id":"https:\/\/atlanticxperience.com\/sunset-cruise-lagos-private-ocean-experience\/#primaryimage"},"thumbnailUrl":"https:\/\/atlanticxperience.com\/wp-content\/uploads\/2026\/04\/6b3b077e73af508c0bf30ebd375ced9b92c14e4d.jpg","datePublished":"2026-04-09T09:08:36+00:00","dateModified":"2026-04-09T12:36:17+00:00","description":"Enjoy a breathtaking sunset cruise in Lagos. Experience golden hour on the Atlantic with a private Skipper and unforgettable views.","breadcrumb":{"@id":"https:\/\/atlanticxperience.com\/sunset-cruise-lagos-private-ocean-experience\/#breadcrumb"},"inLanguage":"en-US","potentialAction":[{"@type":"ReadAction","target":["https:\/\/atlanticxperience.com\/sunset-cruise-lagos-private-ocean-experience\/"]}]},{"@type":"ImageObject","inLanguage":"en-US","@id":"https:\/\/atlanticxperience.com\/sunset-cruise-lagos-private-ocean-experience\/#primaryimage","url":"https:\/\/atlanticxperience.com\/wp-content\/uploads\/2026\/04\/6b3b077e73af508c0bf30ebd375ced9b92c14e4d.jpg","contentUrl":"https:\/\/atlanticxperience.com\/wp-content\/uploads\/2026\/04\/6b3b077e73af508c0bf30ebd375ced9b92c14e4d.jpg"},{"@type":"BreadcrumbList","@id":"https:\/\/atlanticxperience.com\/sunset-cruise-lagos-private-ocean-experience\/#breadcrumb","itemListElement":[{"@type":"ListItem","position":1,"name":"Start","item":"https:\/\/atlanticxperience.com\/"},{"@type":"ListItem","position":2,"name":"Sunset Cruise Lagos"}]},{"@type":"WebSite","@id":"https:\/\/atlanticxperienc-5jcvf3tycp.live-website.com\/#website","url":"https:\/\/atlanticxperienc-5jcvf3tycp.live-website.com\/","name":"AtlanticXperience","description":"Exclusive Ocean Experiences in Lagos - with World Champion Skipper","publisher":{"@id":"https:\/\/atlanticxperienc-5jcvf3tycp.live-website.com\/#\/schema\/person\/e87ab97fc69e482ef8a903782368c1c7"},"alternateName":"Exclusive Ocean Experiences in Lagos - with World Champion Skipper","potentialAction":[{"@type":"SearchAction","target":{"@type":"EntryPoint","urlTemplate":"https:\/\/atlanticxperienc-5jcvf3tycp.live-website.com\/?s={search_term_string}"},"query-input":{"@type":"PropertyValueSpecification","valueRequired":true,"valueName":"search_term_string"}}],"inLanguage":"en-US"},{"@type":["Person","Organization"],"@id":"https:\/\/atlanticxperienc-5jcvf3tycp.live-website.com\/#\/schema\/person\/e87ab97fc69e482ef8a903782368c1c7","name":"admin","image":{"@type":"ImageObject","inLanguage":"en-US","@id":"https:\/\/atlanticxperience.com\/wp-content\/uploads\/2026\/04\/Photoroom_20260408_192421.png","url":"https:\/\/atlanticxperience.com\/wp-content\/uploads\/2026\/04\/Photoroom_20260408_192421.png","contentUrl":"https:\/\/atlanticxperience.com\/wp-content\/uploads\/2026\/04\/Photoroom_20260408_192421.png","width":1536,"height":1024,"caption":"admin"},"logo":{"@id":"https:\/\/atlanticxperience.com\/wp-content\/uploads\/2026\/04\/Photoroom_20260408_192421.png"},"sameAs":["https:\/\/atlanticxperience.com"]}]}},"_links":{"self":[{"href":"https:\/\/atlanticxperience.com\/en\/wp-json\/wp\/v2\/pages\/472","targetHints":{"allow":["GET"]}}],"collection":[{"href":"https:\/\/atlanticxperience.com\/en\/wp-json\/wp\/v2\/pages"}],"about":[{"href":"https:\/\/atlanticxperience.com\/en\/wp-json\/wp\/v2\/types\/page"}],"author":[{"embeddable":true,"href":"https:\/\/atlanticxperience.com\/en\/wp-json\/wp\/v2\/users\/1"}],"replies":[{"embeddable":true,"href":"https:\/\/atlanticxperience.com\/en\/wp-json\/wp\/v2\/comments?post=472"}],"version-history":[{"count":8,"href":"https:\/\/atlanticxperience.com\/en\/wp-json\/wp\/v2\/pages\/472\/revisions"}],"predecessor-version":[{"id":508,"href":"https:\/\/atlanticxperience.com\/en\/wp-json\/wp\/v2\/pages\/472\/revisions\/508"}],"wp:attachment":[{"href":"https:\/\/atlanticxperience.com\/en\/wp-json\/wp\/v2\/media?parent=472"}],"curies":[{"name":"wp","href":"https:\/\/api.w.org\/{rel}","templated":true}]}}